{"id":772,"date":"2017-03-13T19:35:13","date_gmt":"2017-03-13T19:35:13","guid":{"rendered":"http:\/\/cyberspaceart.com\/topclub\/?post_type=product&#038;p=44"},"modified":"2025-09-22T15:21:37","modified_gmt":"2025-09-22T13:21:37","slug":"partizani-bluze-loje-uniforma-e-trete-23-24","status":"publish","type":"product","link":"https:\/\/partizani.al\/sq\/product\/partizani-bluze-loje-uniforma-e-trete-23-24\/","title":{"rendered":"Partizani Bluze Loje &#8211; Uniforma e trete 23\/24"},"content":{"rendered":"<p>&#8220;Zbuloni bluz\u00ebn e re t\u00eb loj\u00ebs s\u00eb ekipit t\u00eb futbollit Partizani &#8211; Kjo \u00ebsht\u00eb uniforma jon\u00eb e tret\u00eb! Logoja e ekipit t\u00eb Partizanit \u00ebsht\u00eb vendosur bukur n\u00eb pjes\u00ebn e p\u00ebrparme, duke e b\u00ebr\u00eb k\u00ebt\u00eb bluz\u00eb nj\u00eb artikull t\u00eb domosdosh\u00ebm p\u00ebr \u00e7do tifoz t\u00eb devotsh\u00ebm. B\u00ebni t\u00eb juaj\u00ebn k\u00ebt\u00eb veshje unike, e cila kombinon stilin dhe komoditetin, p\u00ebr t\u00eb mb\u00ebshtetur ekipin tuaj t\u00eb dashur n\u00eb \u00e7do sfid\u00eb!&#8221;<\/p>\n","protected":false},"excerpt":{"rendered":"<p>&#8220;Zbuloni bluz\u00ebn e re t\u00eb loj\u00ebs s\u00eb ekipit t\u00eb futbollit Partizani &#8211; Kjo \u00ebsht\u00eb uniforma jon\u00eb e tret\u00eb! Logoja e ekipit t\u00eb Partizanit \u00ebsht\u00eb vendosur bukur n\u00eb pjes\u00ebn e p\u00ebrparme,&#8230;<\/p>\n","protected":false},"featured_media":50015,"comment_status":"open","ping_status":"closed","template":"","meta":{"_seopress_robots_primary_cat":"none","_seopress_titles_title":"Partizani Bluze Loje - Uniforma e trete 23\/24","_seopress_titles_desc":"\"Zbuloni bluz\u00ebn e re t\u00eb loj\u00ebs s\u00eb ekipit t\u00eb futbollit Partizani - Kjo \u00ebsht\u00eb uniforma jon\u00eb e tret\u00eb! Logoja e ekipit t\u00eb Partizanit \u00ebsht\u00eb vendosur bukur","_seopress_robots_index":"","_vp_format_video_url":"","_vp_image_focal_point":[]},"product_brand":[],"product_cat":[58],"product_tag":[134,135],"class_list":{"0":"post-772","1":"product","2":"type-product","3":"status-publish","4":"has-post-thumbnail","6":"product_cat-clothes","7":"product_tag-partizani-bluze-loje","8":"product_tag-uniforma-e-trete","10":"first","11":"instock","12":"taxable","13":"shipping-taxable","14":"purchasable","15":"product-type-variable","16":"has-default-attributes"},"_links":{"self":[{"href":"https:\/\/partizani.al\/sq\/wp-json\/wp\/v2\/product\/772","targetHints":{"allow":["GET"]}}],"collection":[{"href":"https:\/\/partizani.al\/sq\/wp-json\/wp\/v2\/product"}],"about":[{"href":"https:\/\/partizani.al\/sq\/wp-json\/wp\/v2\/types\/product"}],"replies":[{"embeddable":true,"href":"https:\/\/partizani.al\/sq\/wp-json\/wp\/v2\/comments?post=772"}],"wp:featuredmedia":[{"embeddable":true,"href":"https:\/\/partizani.al\/sq\/wp-json\/wp\/v2\/media\/50015"}],"wp:attachment":[{"href":"https:\/\/partizani.al\/sq\/wp-json\/wp\/v2\/media?parent=772"}],"wp:term":[{"taxonomy":"product_brand","embeddable":true,"href":"https:\/\/partizani.al\/sq\/wp-json\/wp\/v2\/product_brand?post=772"},{"taxonomy":"product_cat","embeddable":true,"href":"https:\/\/partizani.al\/sq\/wp-json\/wp\/v2\/product_cat?post=772"},{"taxonomy":"product_tag","embeddable":true,"href":"https:\/\/partizani.al\/sq\/wp-json\/wp\/v2\/product_tag?post=772"}],"curies":[{"name":"wp","href":"https:\/\/api.w.org\/{rel}","templated":true}]}}