{"id":62482,"date":"2025-07-04T18:12:31","date_gmt":"2025-07-04T16:12:31","guid":{"rendered":"https:\/\/partizani.al\/sq\/?post_type=product&#038;p=62482"},"modified":"2025-09-22T15:13:31","modified_gmt":"2025-09-22T13:13:31","slug":"fanella-e-trete-jeshilja-ushtarake-marble-2025-2026","status":"publish","type":"product","link":"https:\/\/partizani.al\/sq\/product\/fanella-e-trete-jeshilja-ushtarake-marble-2025-2026\/","title":{"rendered":"Fanella e Tret\u00eb \u2013 Jeshilja Ushtarake \u201cMarble\u201d (2025\u20132026)"},"content":{"rendered":"<p class=\"p1\"><b>Fanella e karakterit dhe historis\u00eb.<\/b><b><\/b><\/p>\n<p class=\"p2\">Fanella e tret\u00eb e Partizanit p\u00ebr sezonin 2025\u20132026 frym\u00ebzohet nga rr\u00ebnj\u00ebt e tij ushtarake. Jeshilja me efekt <span class=\"s1\"><b>\u201cmarble\u201d tekstur\u00eb<\/b><\/span> i jep k\u00ebsaj uniforme nj\u00eb ndjesi force dhe karakteri unik. Ideale p\u00ebr ata q\u00eb e ndjejn\u00eb veten pjes\u00eb t\u00eb nj\u00eb tradite q\u00eb lufton \u00e7do dit\u00eb p\u00ebr fitoren.<\/p>\n<p class=\"p2\">\u2705 Ngjyr\u00eb ushtarake me detaje moderne<\/p>\n<p class=\"p2\">\u2705 Firmosur nga <span class=\"s1\"><b>JOMA<\/b><\/span> \u2013 rehati dhe cil\u00ebsi<\/p>\n<p class=\"p2\">\u2705 E ve\u00e7ant\u00eb p\u00ebr koleksionist\u00eb dhe tifoz\u00eb t\u00eb v\u00ebrtet\u00eb<\/p>\n<p class=\"p2\">\ud83d\udce6 D\u00ebrgesa brenda dhe jasht\u00eb Shqip\u00ebris\u00eb<\/p>\n<p class=\"p1\"><span class=\"s2\">\ud83d\udc49 <\/span><b>B\u00ebhu pjes\u00eb e historis\u00eb \u2013 Porosit tani fanell\u00ebn jeshile t\u00eb Partizanit!<\/b><\/p>\n","protected":false},"excerpt":{"rendered":"<p>Fanella e karakterit dhe historis\u00eb. Fanella e tret\u00eb e Partizanit p\u00ebr sezonin 2025\u20132026 frym\u00ebzohet nga rr\u00ebnj\u00ebt e tij ushtarake. Jeshilja me efekt \u201cmarble\u201d tekstur\u00eb i jep k\u00ebsaj uniforme nj\u00eb ndjesi&#8230;<\/p>\n","protected":false},"featured_media":62501,"comment_status":"open","ping_status":"closed","template":"","meta":{"_seopress_robots_primary_cat":"none","_seopress_titles_title":"Partizani Bluze Loje - Uniforma e pare 24\/25","_seopress_titles_desc":"\u2705 Dizajn i ri \u201cmarble\u201d\r\n\u2705 Material cil\u00ebsor nga JOMA\r\n\u2705 I p\u00ebrshtatsh\u00ebm p\u00ebr stadiumin apo p\u00ebr p\u00ebrditshm\u00ebri\r\n\ud83d\udce6 D\u00ebrges\u00eb brenda dhe jasht\u00eb Shqip\u00ebris\u00eb","_seopress_robots_index":"","_vp_format_video_url":"","_vp_image_focal_point":[]},"product_brand":[190],"product_cat":[195],"product_tag":[134,178],"class_list":{"0":"post-62482","1":"product","2":"type-product","3":"status-publish","4":"has-post-thumbnail","6":"product_brand-joma","7":"product_cat-uniforma-loje-2025-2026","8":"product_tag-partizani-bluze-loje","9":"product_tag-uniforma-e-pare","11":"first","12":"outofstock","13":"taxable","14":"shipping-taxable","15":"purchasable","16":"product-type-variable","17":"has-default-attributes"},"_links":{"self":[{"href":"https:\/\/partizani.al\/sq\/wp-json\/wp\/v2\/product\/62482","targetHints":{"allow":["GET"]}}],"collection":[{"href":"https:\/\/partizani.al\/sq\/wp-json\/wp\/v2\/product"}],"about":[{"href":"https:\/\/partizani.al\/sq\/wp-json\/wp\/v2\/types\/product"}],"replies":[{"embeddable":true,"href":"https:\/\/partizani.al\/sq\/wp-json\/wp\/v2\/comments?post=62482"}],"wp:featuredmedia":[{"embeddable":true,"href":"https:\/\/partizani.al\/sq\/wp-json\/wp\/v2\/media\/62501"}],"wp:attachment":[{"href":"https:\/\/partizani.al\/sq\/wp-json\/wp\/v2\/media?parent=62482"}],"wp:term":[{"taxonomy":"product_brand","embeddable":true,"href":"https:\/\/partizani.al\/sq\/wp-json\/wp\/v2\/product_brand?post=62482"},{"taxonomy":"product_cat","embeddable":true,"href":"https:\/\/partizani.al\/sq\/wp-json\/wp\/v2\/product_cat?post=62482"},{"taxonomy":"product_tag","embeddable":true,"href":"https:\/\/partizani.al\/sq\/wp-json\/wp\/v2\/product_tag?post=62482"}],"curies":[{"name":"wp","href":"https:\/\/api.w.org\/{rel}","templated":true}]}}