{"id":62466,"date":"2025-07-04T16:28:32","date_gmt":"2025-07-04T14:28:32","guid":{"rendered":"https:\/\/partizani.al\/sq\/?post_type=product&#038;p=62466"},"modified":"2025-09-22T15:16:24","modified_gmt":"2025-09-22T13:16:24","slug":"fanella-e-pare-e-kuqja-marble-2025-2026","status":"publish","type":"product","link":"https:\/\/partizani.al\/sq\/product\/fanella-e-pare-e-kuqja-marble-2025-2026\/","title":{"rendered":"Fanella e Par\u00eb \u2013 E Kuqja \u201cMarble\u201d (2025\u20132026)"},"content":{"rendered":"<p class=\"p1\"><b>E kuqja q\u00eb flet vet\u00eb.<\/b><b><\/b><\/p>\n<p class=\"p2\">Fanella zyrtare e par\u00eb e Partizanit p\u00ebr sezonin 2025\u20132026 vjen me nj\u00eb dizajn <span class=\"s1\"><b>marble modern<\/b><\/span>, q\u00eb i jep uniform\u00ebs nj\u00eb pamje elegante dhe dinamike. E kuqja klasike e Partizanit \u2013 intensive dhe krenare \u2013 shoq\u00ebrohet me detaje t\u00eb punuara me kujdes p\u00ebr t\u00eb p\u00ebrfaq\u00ebsuar shpirtin luftarak t\u00eb ekipit n\u00eb \u00e7do ndeshje.<\/p>\n<p class=\"p1\">\u2705 Dizajn i ri \u201cmarble\u201d<\/p>\n<p class=\"p1\">\u2705 Material cil\u00ebsor nga <span class=\"s1\"><b>JOMA<\/b><b><\/b><\/span><\/p>\n<p class=\"p1\">\u2705 I p\u00ebrshtatsh\u00ebm p\u00ebr stadiumin apo p\u00ebr p\u00ebrditshm\u00ebri<\/p>\n<p class=\"p1\">\ud83d\udce6 D\u00ebrges\u00eb brenda dhe jasht\u00eb Shqip\u00ebris\u00eb<\/p>\n<p class=\"p1\"><span class=\"s1\">\ud83d\udc49 <\/span><b>Porosite tani fanell\u00ebn zyrtare t\u00eb kuqe t\u00eb sezonit 25\u201326!<\/b><b><\/b><\/p>\n","protected":false},"excerpt":{"rendered":"<p>E kuqja q\u00eb flet vet\u00eb. Fanella zyrtare e par\u00eb e Partizanit p\u00ebr sezonin 2025\u20132026 vjen me nj\u00eb dizajn marble modern, q\u00eb i jep uniform\u00ebs nj\u00eb pamje elegante dhe dinamike. E&#8230;<\/p>\n","protected":false},"featured_media":62500,"comment_status":"open","ping_status":"closed","template":"","meta":{"_seopress_robots_primary_cat":"none","_seopress_titles_title":"Partizani Bluze Loje - Uniforma e pare 24\/25","_seopress_titles_desc":"\u2705 Dizajn i ri \u201cmarble\u201d\r\n\u2705 Material cil\u00ebsor nga JOMA\r\n\u2705 I p\u00ebrshtatsh\u00ebm p\u00ebr stadiumin apo p\u00ebr p\u00ebrditshm\u00ebri\r\n\ud83d\udce6 D\u00ebrges\u00eb brenda dhe jasht\u00eb Shqip\u00ebris\u00eb","_seopress_robots_index":"","_vp_format_video_url":"","_vp_image_focal_point":[]},"product_brand":[190],"product_cat":[195],"product_tag":[134,178],"class_list":{"0":"post-62466","1":"product","2":"type-product","3":"status-publish","4":"has-post-thumbnail","6":"product_brand-joma","7":"product_cat-uniforma-loje-2025-2026","8":"product_tag-partizani-bluze-loje","9":"product_tag-uniforma-e-pare","11":"first","12":"outofstock","13":"taxable","14":"shipping-taxable","15":"purchasable","16":"product-type-variable","17":"has-default-attributes"},"_links":{"self":[{"href":"https:\/\/partizani.al\/sq\/wp-json\/wp\/v2\/product\/62466","targetHints":{"allow":["GET"]}}],"collection":[{"href":"https:\/\/partizani.al\/sq\/wp-json\/wp\/v2\/product"}],"about":[{"href":"https:\/\/partizani.al\/sq\/wp-json\/wp\/v2\/types\/product"}],"replies":[{"embeddable":true,"href":"https:\/\/partizani.al\/sq\/wp-json\/wp\/v2\/comments?post=62466"}],"wp:featuredmedia":[{"embeddable":true,"href":"https:\/\/partizani.al\/sq\/wp-json\/wp\/v2\/media\/62500"}],"wp:attachment":[{"href":"https:\/\/partizani.al\/sq\/wp-json\/wp\/v2\/media?parent=62466"}],"wp:term":[{"taxonomy":"product_brand","embeddable":true,"href":"https:\/\/partizani.al\/sq\/wp-json\/wp\/v2\/product_brand?post=62466"},{"taxonomy":"product_cat","embeddable":true,"href":"https:\/\/partizani.al\/sq\/wp-json\/wp\/v2\/product_cat?post=62466"},{"taxonomy":"product_tag","embeddable":true,"href":"https:\/\/partizani.al\/sq\/wp-json\/wp\/v2\/product_tag?post=62466"}],"curies":[{"name":"wp","href":"https:\/\/api.w.org\/{rel}","templated":true}]}}