{"id":57239,"date":"2024-08-27T22:25:00","date_gmt":"2024-08-27T20:25:00","guid":{"rendered":"https:\/\/partizani.al\/sq\/?post_type=product&#038;p=57239"},"modified":"2025-01-14T10:15:57","modified_gmt":"2025-01-14T08:15:57","slug":"partizani-bluze-loje-uniforma-e-trete-24-25","status":"publish","type":"product","link":"https:\/\/partizani.al\/sq\/product\/partizani-bluze-loje-uniforma-e-trete-24-25\/","title":{"rendered":"Partizani Bluze Loje &#8211; Uniforma e trete 24\/25"},"content":{"rendered":"<p class=\"p1\">Zbuloni bluz\u00ebn e re t\u00eb loj\u00ebs s\u00eb ekipit t\u00eb futbollit Partizani &#8211; kjo \u00ebsht\u00eb uniforma jon\u00eb e tret\u00eb 2024-2025! Uniforma \u00ebsht\u00eb e firm\u00ebs JOMA dhe vjen e personalizuar me stemen e demit p\u00ebrpara, duke i dh\u00ebn\u00eb nj\u00eb prekje unike identitetit t\u00eb klubit. Logoja e ekipit t\u00eb Partizanit \u00ebsht\u00eb vendosur bukur n\u00eb pjes\u00ebn e p\u00ebrparme, duke e b\u00ebr\u00eb k\u00ebt\u00eb bluz\u00eb nj\u00eb artikull t\u00eb domosdosh\u00ebm p\u00ebr \u00e7do tifoz t\u00eb devotsh\u00ebm. B\u00ebni t\u00eb juaj\u00ebn k\u00ebt\u00eb veshje unike, e cila kombinon stilin dhe komoditetin, p\u00ebr t\u00eb mb\u00ebshtetur ekipin tuaj t\u00eb dashur n\u00eb \u00e7do sfid\u00eb!<\/p>\n","protected":false},"excerpt":{"rendered":"<p>Zbuloni bluz\u00ebn e re t\u00eb loj\u00ebs s\u00eb ekipit t\u00eb futbollit Partizani &#8211; kjo \u00ebsht\u00eb uniforma jon\u00eb e tret\u00eb 2024-2025! Uniforma \u00ebsht\u00eb e firm\u00ebs JOMA dhe vjen e personalizuar me stemen&#8230;<\/p>\n","protected":false},"featured_media":57244,"comment_status":"open","ping_status":"closed","template":"","meta":{"_seopress_robots_primary_cat":"none","_seopress_titles_title":"Partizani Bluze Loje - Uniforma e trete 24\/25","_seopress_titles_desc":"Zbuloni bluz\u00ebn e re t\u00eb loj\u00ebs s\u00eb ekipit t\u00eb futbollit Partizani - kjo \u00ebsht\u00eb uniforma jon\u00eb e tret\u00eb 2024-2025","_seopress_robots_index":"","_vp_format_video_url":"","_vp_image_focal_point":[]},"product_brand":[],"product_cat":[175],"product_tag":[134,135],"class_list":{"0":"post-57239","1":"product","2":"type-product","3":"status-publish","4":"has-post-thumbnail","6":"product_cat-uniforma-loje-24-25","7":"product_tag-partizani-bluze-loje","8":"product_tag-uniforma-e-trete","10":"first","11":"outofstock","12":"taxable","13":"shipping-taxable","14":"purchasable","15":"product-type-variable","16":"has-default-attributes"},"_links":{"self":[{"href":"https:\/\/partizani.al\/sq\/wp-json\/wp\/v2\/product\/57239","targetHints":{"allow":["GET"]}}],"collection":[{"href":"https:\/\/partizani.al\/sq\/wp-json\/wp\/v2\/product"}],"about":[{"href":"https:\/\/partizani.al\/sq\/wp-json\/wp\/v2\/types\/product"}],"replies":[{"embeddable":true,"href":"https:\/\/partizani.al\/sq\/wp-json\/wp\/v2\/comments?post=57239"}],"wp:featuredmedia":[{"embeddable":true,"href":"https:\/\/partizani.al\/sq\/wp-json\/wp\/v2\/media\/57244"}],"wp:attachment":[{"href":"https:\/\/partizani.al\/sq\/wp-json\/wp\/v2\/media?parent=57239"}],"wp:term":[{"taxonomy":"product_brand","embeddable":true,"href":"https:\/\/partizani.al\/sq\/wp-json\/wp\/v2\/product_brand?post=57239"},{"taxonomy":"product_cat","embeddable":true,"href":"https:\/\/partizani.al\/sq\/wp-json\/wp\/v2\/product_cat?post=57239"},{"taxonomy":"product_tag","embeddable":true,"href":"https:\/\/partizani.al\/sq\/wp-json\/wp\/v2\/product_tag?post=57239"}],"curies":[{"name":"wp","href":"https:\/\/api.w.org\/{rel}","templated":true}]}}