{"id":57232,"date":"2024-08-27T22:10:02","date_gmt":"2024-08-27T20:10:02","guid":{"rendered":"https:\/\/partizani.al\/sq\/?post_type=product&#038;p=57232"},"modified":"2025-04-26T14:58:31","modified_gmt":"2025-04-26T12:58:31","slug":"partizani-bluze-loje-uniforma-e-dyte-24-25","status":"publish","type":"product","link":"https:\/\/partizani.al\/sq\/product\/partizani-bluze-loje-uniforma-e-dyte-24-25\/","title":{"rendered":"Partizani Bluze Loje &#8211; Uniforma e dyte 24\/25"},"content":{"rendered":"<p class=\"p1\">Prezantojm\u00eb me krenari uniform\u00ebn e dyt\u00eb t\u00eb ekipit 2024-2025 t\u00eb futbollit Partizani, nj\u00eb ikon\u00eb e stilit dhe eleganc\u00ebs n\u00eb fush\u00ebn e loj\u00ebs. E realizuar n\u00eb nj\u00eb ngjyr\u00eb t\u00eb bardh\u00eb t\u00eb past\u00ebr, kjo bluz\u00eb kombinon thjesht\u00ebsi dhe fines\u00eb, duke ardhur e personalizuar me stemen e demit p\u00ebrpara, q\u00eb shton nj\u00eb prekje t\u00eb ve\u00e7ant\u00eb t\u00eb identitetit t\u00eb klubit. Uniforma \u00ebsht\u00eb e firm\u00ebs JOMA, e njohur p\u00ebr cil\u00ebsin\u00eb dhe stilin e saj unik. Me logon karakteristike t\u00eb ekipit t\u00eb Partizanit t\u00eb shfaqur krenarisht n\u00eb pjes\u00ebn e p\u00ebrparme, kjo uniform\u00eb sjell nj\u00eb ndjenj\u00eb unike t\u00eb p\u00ebrkat\u00ebsis\u00eb dhe pasionit p\u00ebr tifoz\u00ebt. P\u00ebrb\u00ebr\u00eb nga materiale cil\u00ebsore dhe t\u00eb q\u00ebndrueshme, ajo siguron komfort t\u00eb lart\u00eb gjat\u00eb gjith\u00eb ndeshjes. Veshja ideale p\u00ebr t\u00eb treguar mb\u00ebshtetjen tuaj ndaj ekipit, duke u dalluar n\u00eb \u00e7do rast!<\/p>\n","protected":false},"excerpt":{"rendered":"<p>Prezantojm\u00eb me krenari uniform\u00ebn e dyt\u00eb t\u00eb ekipit 2024-2025 t\u00eb futbollit Partizani, nj\u00eb ikon\u00eb e stilit dhe eleganc\u00ebs n\u00eb fush\u00ebn e loj\u00ebs. E realizuar n\u00eb nj\u00eb ngjyr\u00eb t\u00eb bardh\u00eb t\u00eb&#8230;<\/p>\n","protected":false},"featured_media":57237,"comment_status":"open","ping_status":"closed","template":"","meta":{"_seopress_robots_primary_cat":"none","_seopress_titles_title":"Partizani Bluze Loje - Uniforma e dyte 24\/25","_seopress_titles_desc":"Prezantojm\u00eb me krenari uniform\u00ebn e dyt\u00eb t\u00eb ekipit 2024-2025 t\u00eb futbollit Partizani, nj\u00eb ikon\u00eb e stilit dhe eleganc\u00ebs n\u00eb fush\u00ebn e loj\u00ebs","_seopress_robots_index":"","_vp_format_video_url":"","_vp_image_focal_point":[]},"product_brand":[],"product_cat":[175],"product_tag":[134,177,176],"class_list":{"0":"post-57232","1":"product","2":"type-product","3":"status-publish","4":"has-post-thumbnail","6":"product_cat-uniforma-loje-24-25","7":"product_tag-partizani-bluze-loje","8":"product_tag-uniforma-e-dyte","9":"product_tag-uniforma-e-partizanit-me-dem","11":"first","12":"outofstock","13":"taxable","14":"shipping-taxable","15":"purchasable","16":"product-type-variable","17":"has-default-attributes"},"_links":{"self":[{"href":"https:\/\/partizani.al\/sq\/wp-json\/wp\/v2\/product\/57232","targetHints":{"allow":["GET"]}}],"collection":[{"href":"https:\/\/partizani.al\/sq\/wp-json\/wp\/v2\/product"}],"about":[{"href":"https:\/\/partizani.al\/sq\/wp-json\/wp\/v2\/types\/product"}],"replies":[{"embeddable":true,"href":"https:\/\/partizani.al\/sq\/wp-json\/wp\/v2\/comments?post=57232"}],"wp:featuredmedia":[{"embeddable":true,"href":"https:\/\/partizani.al\/sq\/wp-json\/wp\/v2\/media\/57237"}],"wp:attachment":[{"href":"https:\/\/partizani.al\/sq\/wp-json\/wp\/v2\/media?parent=57232"}],"wp:term":[{"taxonomy":"product_brand","embeddable":true,"href":"https:\/\/partizani.al\/sq\/wp-json\/wp\/v2\/product_brand?post=57232"},{"taxonomy":"product_cat","embeddable":true,"href":"https:\/\/partizani.al\/sq\/wp-json\/wp\/v2\/product_cat?post=57232"},{"taxonomy":"product_tag","embeddable":true,"href":"https:\/\/partizani.al\/sq\/wp-json\/wp\/v2\/product_tag?post=57232"}],"curies":[{"name":"wp","href":"https:\/\/api.w.org\/{rel}","templated":true}]}}