{"id":57226,"date":"2024-08-27T22:04:44","date_gmt":"2024-08-27T20:04:44","guid":{"rendered":"https:\/\/partizani.al\/sq\/?post_type=product&#038;p=57226"},"modified":"2025-09-22T15:17:30","modified_gmt":"2025-09-22T13:17:30","slug":"partizani-bluze-loje-uniforma-e-pare-24-25","status":"publish","type":"product","link":"https:\/\/partizani.al\/sq\/product\/partizani-bluze-loje-uniforma-e-pare-24-25\/","title":{"rendered":"Partizani Bluze Loje &#8211; Uniforma e pare 24\/25"},"content":{"rendered":"<p class=\"p1\">Vishni krenarisht bluz\u00ebn e par\u00eb t\u00eb ekipit t\u00eb futbollit Partizani 2024-2025, simbolin autentik t\u00eb pasionit dhe tradit\u00ebs s\u00eb klubit. Kjo bluz\u00eb, n\u00eb ngjyr\u00ebn e kuqe t\u00eb ndezur q\u00eb simbolizon zemr\u00ebn dhe shpirtin e ekipit, vjen e personalizuar me stemen e demit p\u00ebrpara, duke i shtuar nj\u00eb ndjenj\u00eb t\u00eb ve\u00e7ant\u00eb t\u00eb identitetit dhe krenaris\u00eb. Uniforma \u00ebsht\u00eb e firm\u00ebs JOMA, e njohur p\u00ebr cil\u00ebsin\u00eb dhe stilin e saj t\u00eb ve\u00e7ant\u00eb. Me dizajnin e saj klasik dhe logon e Partizanit t\u00eb vendosur n\u00eb m\u00ebnyr\u00eb t\u00eb dukshme n\u00eb pjes\u00ebn e p\u00ebrparme, kjo bluz\u00eb p\u00ebrfaq\u00ebson historin\u00eb dhe krenarin\u00eb e nj\u00ebrit prej klubeve m\u00eb t\u00eb njohura n\u00eb vend. E b\u00ebr\u00eb nga materiale t\u00eb larta q\u00eb sigurojn\u00eb rehati dhe q\u00ebndrueshm\u00ebri, kjo bluz\u00eb \u00ebsht\u00eb ideale p\u00ebr t\u00eb mb\u00ebshtetur ekipin tuaj n\u00eb stadium apo n\u00eb \u00e7do aktivitet tjet\u00ebr sportiv. Nj\u00eb zgjedhje perfekte p\u00ebr tifoz\u00ebt e v\u00ebrtet\u00eb t\u00eb Partizanit, q\u00eb d\u00ebshirojn\u00eb t\u00eb shfaqin ngjyrat e tyre me krenari!<\/p>\n","protected":false},"excerpt":{"rendered":"<p>Vishni krenarisht bluz\u00ebn e par\u00eb t\u00eb ekipit t\u00eb futbollit Partizani 2024-2025, simbolin autentik t\u00eb pasionit dhe tradit\u00ebs s\u00eb klubit. Kjo bluz\u00eb, n\u00eb ngjyr\u00ebn e kuqe t\u00eb ndezur q\u00eb simbolizon zemr\u00ebn&#8230;<\/p>\n","protected":false},"featured_media":57231,"comment_status":"open","ping_status":"closed","template":"","meta":{"_seopress_robots_primary_cat":"175","_seopress_titles_title":"Partizani Bluze Loje - Uniforma e pare 24\/25","_seopress_titles_desc":"Kjo bluz\u00eb 2024-2025, n\u00eb ngjyr\u00ebn e kuqe t\u00eb ndezur q\u00eb simbolizon zemr\u00ebn dhe shpirtin e ekipit, vjen e personalizuar me stemen e demit p\u00ebrpara, duke i shtuar nj\u00eb ndjenj\u00eb t\u00eb ve\u00e7ant\u00eb t\u00eb identitetit dhe krenaris\u00eb. Uniforma \u00ebsht\u00eb e firm\u00ebs JOMA.","_seopress_robots_index":"","_vp_format_video_url":"","_vp_image_focal_point":[]},"product_brand":[190],"product_cat":[175],"product_tag":[134,178],"class_list":{"0":"post-57226","1":"product","2":"type-product","3":"status-publish","4":"has-post-thumbnail","6":"product_brand-joma","7":"product_cat-uniforma-loje-24-25","8":"product_tag-partizani-bluze-loje","9":"product_tag-uniforma-e-pare","11":"first","12":"outofstock","13":"sale","14":"taxable","15":"shipping-taxable","16":"purchasable","17":"product-type-variable","18":"has-default-attributes"},"_links":{"self":[{"href":"https:\/\/partizani.al\/sq\/wp-json\/wp\/v2\/product\/57226","targetHints":{"allow":["GET"]}}],"collection":[{"href":"https:\/\/partizani.al\/sq\/wp-json\/wp\/v2\/product"}],"about":[{"href":"https:\/\/partizani.al\/sq\/wp-json\/wp\/v2\/types\/product"}],"replies":[{"embeddable":true,"href":"https:\/\/partizani.al\/sq\/wp-json\/wp\/v2\/comments?post=57226"}],"wp:featuredmedia":[{"embeddable":true,"href":"https:\/\/partizani.al\/sq\/wp-json\/wp\/v2\/media\/57231"}],"wp:attachment":[{"href":"https:\/\/partizani.al\/sq\/wp-json\/wp\/v2\/media?parent=57226"}],"wp:term":[{"taxonomy":"product_brand","embeddable":true,"href":"https:\/\/partizani.al\/sq\/wp-json\/wp\/v2\/product_brand?post=57226"},{"taxonomy":"product_cat","embeddable":true,"href":"https:\/\/partizani.al\/sq\/wp-json\/wp\/v2\/product_cat?post=57226"},{"taxonomy":"product_tag","embeddable":true,"href":"https:\/\/partizani.al\/sq\/wp-json\/wp\/v2\/product_tag?post=57226"}],"curies":[{"name":"wp","href":"https:\/\/api.w.org\/{rel}","templated":true}]}}