{"id":50024,"date":"2023-11-29T23:28:11","date_gmt":"2023-11-29T21:28:11","guid":{"rendered":"https:\/\/partizani.al\/sq\/?post_type=product&#038;p=50024"},"modified":"2025-09-22T15:18:29","modified_gmt":"2025-09-22T13:18:29","slug":"partizani-bluze-loje-uniforma-e-pare-23-24","status":"publish","type":"product","link":"https:\/\/partizani.al\/sq\/product\/partizani-bluze-loje-uniforma-e-pare-23-24\/","title":{"rendered":"Partizani Bluze Loje &#8211; Uniforma e pare 23\/24"},"content":{"rendered":"<p>&#8220;Vishni krenarisht bluz\u00ebn e par\u00eb t\u00eb ekipit t\u00eb futbollit Partizani, simbolin autentik t\u00eb pasionit dhe tradit\u00ebs s\u00eb klubit. Kjo bluz\u00eb, n\u00eb ngjyr\u00ebn e kuqe t\u00eb ndezur q\u00eb simbolizon zemr\u00ebn dhe shpirtin e ekipit. Me dizajnin e saj klasik dhe logo e Partizanit t\u00eb vendosur n\u00eb m\u00ebnyr\u00eb t\u00eb dukshme n\u00eb pjes\u00ebn e p\u00ebrparme, kjo bluz\u00eb p\u00ebrfaq\u00ebson historin\u00eb dhe krenarin\u00eb e nj\u00ebrit prej klubeve m\u00eb t\u00eb njohura n\u00eb vend. E b\u00ebr\u00eb nga materiale t\u00eb larta q\u00eb sigurojn\u00eb rehati dhe q\u00ebndrueshm\u00ebri, kjo bluz\u00eb \u00ebsht\u00eb ideale p\u00ebr t\u00eb mb\u00ebshtetur ekipin tuaj n\u00eb stadium apo n\u00eb \u00e7do aktivitet tjet\u00ebr sportiv. Nj\u00eb zgjedhje perfekte p\u00ebr tifoz\u00ebt e v\u00ebrtet\u00eb t\u00eb Partizanit, q\u00eb d\u00ebshirojn\u00eb t\u00eb shfaqin ngjyrat e tyre me krenari!&#8221;<\/p>\n","protected":false},"excerpt":{"rendered":"<p>&#8220;Vishni krenarisht bluz\u00ebn e par\u00eb t\u00eb ekipit t\u00eb futbollit Partizani, simbolin autentik t\u00eb pasionit dhe tradit\u00ebs s\u00eb klubit. Kjo bluz\u00eb, n\u00eb ngjyr\u00ebn e kuqe t\u00eb ndezur q\u00eb simbolizon zemr\u00ebn dhe&#8230;<\/p>\n","protected":false},"featured_media":50028,"comment_status":"open","ping_status":"closed","template":"","meta":{"_seopress_robots_primary_cat":"58","_seopress_titles_title":"Partizani Bluze Loje - Uniforma e pare 23\/24","_seopress_titles_desc":"\"Vishni krenarisht bluz\u00ebn e par\u00eb t\u00eb ekipit t\u00eb futbollit Partizani, simbolin autentik t\u00eb pasionit dhe tradit\u00ebs s\u00eb klubit.","_seopress_robots_index":"","_vp_format_video_url":"","_vp_image_focal_point":[]},"product_brand":[191],"product_cat":[58],"product_tag":[134,135],"class_list":{"0":"post-50024","1":"product","2":"type-product","3":"status-publish","4":"has-post-thumbnail","6":"product_brand-macron","7":"product_cat-clothes","8":"product_tag-partizani-bluze-loje","9":"product_tag-uniforma-e-trete","11":"first","12":"outofstock","13":"taxable","14":"shipping-taxable","15":"purchasable","16":"product-type-variable","17":"has-default-attributes"},"_links":{"self":[{"href":"https:\/\/partizani.al\/sq\/wp-json\/wp\/v2\/product\/50024","targetHints":{"allow":["GET"]}}],"collection":[{"href":"https:\/\/partizani.al\/sq\/wp-json\/wp\/v2\/product"}],"about":[{"href":"https:\/\/partizani.al\/sq\/wp-json\/wp\/v2\/types\/product"}],"replies":[{"embeddable":true,"href":"https:\/\/partizani.al\/sq\/wp-json\/wp\/v2\/comments?post=50024"}],"wp:featuredmedia":[{"embeddable":true,"href":"https:\/\/partizani.al\/sq\/wp-json\/wp\/v2\/media\/50028"}],"wp:attachment":[{"href":"https:\/\/partizani.al\/sq\/wp-json\/wp\/v2\/media?parent=50024"}],"wp:term":[{"taxonomy":"product_brand","embeddable":true,"href":"https:\/\/partizani.al\/sq\/wp-json\/wp\/v2\/product_brand?post=50024"},{"taxonomy":"product_cat","embeddable":true,"href":"https:\/\/partizani.al\/sq\/wp-json\/wp\/v2\/product_cat?post=50024"},{"taxonomy":"product_tag","embeddable":true,"href":"https:\/\/partizani.al\/sq\/wp-json\/wp\/v2\/product_tag?post=50024"}],"curies":[{"name":"wp","href":"https:\/\/api.w.org\/{rel}","templated":true}]}}