{"id":59406,"date":"2025-01-06T20:07:16","date_gmt":"2025-01-06T18:07:16","guid":{"rendered":"https:\/\/partizani.al\/sq\/?page_id=59406"},"modified":"2025-01-06T20:07:16","modified_gmt":"2025-01-06T18:07:16","slug":"akademia-partizani","status":"publish","type":"page","link":"https:\/\/partizani.al\/sq\/akademia-partizani\/","title":{"rendered":"Akademia Partizani"},"content":{"rendered":"<p><strong>Akademia Partizani \u2013 Fabrika e Talenteve t\u00eb Futbollit Shqiptar dhe Nd\u00ebrkomb\u00ebtar\u00a0<\/strong><\/p>\n<p>&nbsp;<\/p>\n<div dir=\"auto\"><img loading=\"lazy\" decoding=\"async\" class=\"aligncenter wp-image-58894 size-full\" src=\"https:\/\/partizani.al\/sq\/wp-content\/uploads\/2024\/12\/468931520_423310704184003_1294895392293039077_n.jpg\" alt=\"\" width=\"1087\" height=\"815\" srcset=\"https:\/\/partizani.al\/sq\/wp-content\/uploads\/2024\/12\/468931520_423310704184003_1294895392293039077_n.jpg 1087w, https:\/\/partizani.al\/sq\/wp-content\/uploads\/2024\/12\/468931520_423310704184003_1294895392293039077_n-300x225.jpg 300w, https:\/\/partizani.al\/sq\/wp-content\/uploads\/2024\/12\/468931520_423310704184003_1294895392293039077_n-1024x768.jpg 1024w, https:\/\/partizani.al\/sq\/wp-content\/uploads\/2024\/12\/468931520_423310704184003_1294895392293039077_n-768x576.jpg 768w, https:\/\/partizani.al\/sq\/wp-content\/uploads\/2024\/12\/468931520_423310704184003_1294895392293039077_n-128x96.jpg 128w, https:\/\/partizani.al\/sq\/wp-content\/uploads\/2024\/12\/468931520_423310704184003_1294895392293039077_n-32x24.jpg 32w, https:\/\/partizani.al\/sq\/wp-content\/uploads\/2024\/12\/468931520_423310704184003_1294895392293039077_n-500x375.jpg 500w, https:\/\/partizani.al\/sq\/wp-content\/uploads\/2024\/12\/468931520_423310704184003_1294895392293039077_n-800x600.jpg 800w, https:\/\/partizani.al\/sq\/wp-content\/uploads\/2024\/12\/468931520_423310704184003_1294895392293039077_n-200x150.jpg 200w, https:\/\/partizani.al\/sq\/wp-content\/uploads\/2024\/12\/468931520_423310704184003_1294895392293039077_n-450x337.jpg 450w\" sizes=\"auto, (max-width: 1087px) 100vw, 1087px\" \/><\/div>\n<div dir=\"auto\">Prej shum\u00eb vitesh, Akademia Partizani ka qen\u00eb nj\u00eb nd\u00ebr shtyllat kryesore t\u00eb zhvillimit t\u00eb futbollit n\u00eb Shqip\u00ebri, duke prodhuar talente q\u00eb kan\u00eb l\u00ebn\u00eb gjurm\u00eb si n\u00eb kampionatin vendas, ashtu edhe n\u00eb at\u00eb nd\u00ebrkomb\u00ebtar. Me p\u00ebrkushtim dhe investime t\u00eb vazhdueshme, akademia ka ndihmuar n\u00eb formimin e brezave t\u00eb rinj, duke e b\u00ebr\u00eb at\u00eb sinonim t\u00eb cil\u00ebsis\u00eb dhe suksesit n\u00eb futbollin e moshave.<\/div>\n<div dir=\"auto\"><\/div>\n<div dir=\"auto\"><img loading=\"lazy\" decoding=\"async\" class=\"aligncenter wp-image-59283 size-vp_lg\" src=\"https:\/\/partizani.al\/sq\/wp-content\/uploads\/2024\/12\/P3930466-1280x853.jpg\" alt=\"\" width=\"1280\" height=\"853\" srcset=\"https:\/\/partizani.al\/sq\/wp-content\/uploads\/2024\/12\/P3930466-1280x853.jpg 1280w, https:\/\/partizani.al\/sq\/wp-content\/uploads\/2024\/12\/P3930466-300x200.jpg 300w, https:\/\/partizani.al\/sq\/wp-content\/uploads\/2024\/12\/P3930466-1024x683.jpg 1024w, https:\/\/partizani.al\/sq\/wp-content\/uploads\/2024\/12\/P3930466-768x512.jpg 768w, https:\/\/partizani.al\/sq\/wp-content\/uploads\/2024\/12\/P3930466-1536x1024.jpg 1536w, https:\/\/partizani.al\/sq\/wp-content\/uploads\/2024\/12\/P3930466-2048x1365.jpg 2048w, https:\/\/partizani.al\/sq\/wp-content\/uploads\/2024\/12\/P3930466-128x85.jpg 128w, https:\/\/partizani.al\/sq\/wp-content\/uploads\/2024\/12\/P3930466-32x21.jpg 32w, https:\/\/partizani.al\/sq\/wp-content\/uploads\/2024\/12\/P3930466-500x333.jpg 500w, https:\/\/partizani.al\/sq\/wp-content\/uploads\/2024\/12\/P3930466-800x533.jpg 800w, https:\/\/partizani.al\/sq\/wp-content\/uploads\/2024\/12\/P3930466-1920x1280.jpg 1920w, https:\/\/partizani.al\/sq\/wp-content\/uploads\/2024\/12\/P3930466-900x600.jpg 900w, https:\/\/partizani.al\/sq\/wp-content\/uploads\/2024\/12\/P3930466-1140x760.jpg 1140w, https:\/\/partizani.al\/sq\/wp-content\/uploads\/2024\/12\/P3930466-200x133.jpg 200w, https:\/\/partizani.al\/sq\/wp-content\/uploads\/2024\/12\/P3930466-450x300.jpg 450w\" sizes=\"auto, (max-width: 1280px) 100vw, 1280px\" \/>Gjithashtu, Akademia Partizani ka pasur dhe vazhdon t\u00eb ket\u00eb nj\u00eb rol t\u00eb r\u00ebnd\u00ebsish\u00ebm n\u00eb furnizimin e ekipeve tona komb\u00ebtare me lojtar\u00eb cil\u00ebsor\u00eb, duke kontribuar n\u00eb p\u00ebrfaq\u00ebsimin dinjitoz t\u00eb Shqip\u00ebris\u00eb n\u00eb aren\u00ebn nd\u00ebrkomb\u00ebtare.<\/div>\n<div dir=\"auto\"><\/div>\n<div dir=\"auto\"><img loading=\"lazy\" decoding=\"async\" class=\"aligncenter wp-image-59258 size-vp_lg\" src=\"https:\/\/partizani.al\/sq\/wp-content\/uploads\/2024\/12\/a6b27b21-5bd1-4eba-bd0a-4f9e58007718-1280x854.jpg\" alt=\"\" width=\"1280\" height=\"854\" srcset=\"https:\/\/partizani.al\/sq\/wp-content\/uploads\/2024\/12\/a6b27b21-5bd1-4eba-bd0a-4f9e58007718-1280x854.jpg 1280w, https:\/\/partizani.al\/sq\/wp-content\/uploads\/2024\/12\/a6b27b21-5bd1-4eba-bd0a-4f9e58007718-300x200.jpg 300w, https:\/\/partizani.al\/sq\/wp-content\/uploads\/2024\/12\/a6b27b21-5bd1-4eba-bd0a-4f9e58007718-1024x683.jpg 1024w, https:\/\/partizani.al\/sq\/wp-content\/uploads\/2024\/12\/a6b27b21-5bd1-4eba-bd0a-4f9e58007718-768x512.jpg 768w, https:\/\/partizani.al\/sq\/wp-content\/uploads\/2024\/12\/a6b27b21-5bd1-4eba-bd0a-4f9e58007718-1536x1024.jpg 1536w, https:\/\/partizani.al\/sq\/wp-content\/uploads\/2024\/12\/a6b27b21-5bd1-4eba-bd0a-4f9e58007718-2048x1366.jpg 2048w, https:\/\/partizani.al\/sq\/wp-content\/uploads\/2024\/12\/a6b27b21-5bd1-4eba-bd0a-4f9e58007718-128x85.jpg 128w, https:\/\/partizani.al\/sq\/wp-content\/uploads\/2024\/12\/a6b27b21-5bd1-4eba-bd0a-4f9e58007718-32x21.jpg 32w, https:\/\/partizani.al\/sq\/wp-content\/uploads\/2024\/12\/a6b27b21-5bd1-4eba-bd0a-4f9e58007718-500x333.jpg 500w, https:\/\/partizani.al\/sq\/wp-content\/uploads\/2024\/12\/a6b27b21-5bd1-4eba-bd0a-4f9e58007718-800x533.jpg 800w, https:\/\/partizani.al\/sq\/wp-content\/uploads\/2024\/12\/a6b27b21-5bd1-4eba-bd0a-4f9e58007718-1920x1280.jpg 1920w, https:\/\/partizani.al\/sq\/wp-content\/uploads\/2024\/12\/a6b27b21-5bd1-4eba-bd0a-4f9e58007718-900x600.jpg 900w, https:\/\/partizani.al\/sq\/wp-content\/uploads\/2024\/12\/a6b27b21-5bd1-4eba-bd0a-4f9e58007718-1140x760.jpg 1140w, https:\/\/partizani.al\/sq\/wp-content\/uploads\/2024\/12\/a6b27b21-5bd1-4eba-bd0a-4f9e58007718-200x133.jpg 200w, https:\/\/partizani.al\/sq\/wp-content\/uploads\/2024\/12\/a6b27b21-5bd1-4eba-bd0a-4f9e58007718-450x300.jpg 450w\" sizes=\"auto, (max-width: 1280px) 100vw, 1280px\" \/><\/div>\n<div dir=\"auto\"><img loading=\"lazy\" decoding=\"async\" class=\"aligncenter wp-image-56113 size-vp_lg\" src=\"https:\/\/partizani.al\/sq\/wp-content\/uploads\/2024\/06\/GJK_9183-1280x854.jpg\" alt=\"\" width=\"1280\" height=\"854\" srcset=\"https:\/\/partizani.al\/sq\/wp-content\/uploads\/2024\/06\/GJK_9183-1280x854.jpg 1280w, https:\/\/partizani.al\/sq\/wp-content\/uploads\/2024\/06\/GJK_9183-300x200.jpg 300w, https:\/\/partizani.al\/sq\/wp-content\/uploads\/2024\/06\/GJK_9183-1024x683.jpg 1024w, https:\/\/partizani.al\/sq\/wp-content\/uploads\/2024\/06\/GJK_9183-768x512.jpg 768w, https:\/\/partizani.al\/sq\/wp-content\/uploads\/2024\/06\/GJK_9183-1536x1025.jpg 1536w, https:\/\/partizani.al\/sq\/wp-content\/uploads\/2024\/06\/GJK_9183-128x85.jpg 128w, https:\/\/partizani.al\/sq\/wp-content\/uploads\/2024\/06\/GJK_9183-32x21.jpg 32w, https:\/\/partizani.al\/sq\/wp-content\/uploads\/2024\/06\/GJK_9183-500x334.jpg 500w, https:\/\/partizani.al\/sq\/wp-content\/uploads\/2024\/06\/GJK_9183-800x534.jpg 800w, https:\/\/partizani.al\/sq\/wp-content\/uploads\/2024\/06\/GJK_9183-900x600.jpg 900w, https:\/\/partizani.al\/sq\/wp-content\/uploads\/2024\/06\/GJK_9183-1140x760.jpg 1140w, https:\/\/partizani.al\/sq\/wp-content\/uploads\/2024\/06\/GJK_9183-200x133.jpg 200w, https:\/\/partizani.al\/sq\/wp-content\/uploads\/2024\/06\/GJK_9183-450x300.jpg 450w, https:\/\/partizani.al\/sq\/wp-content\/uploads\/2024\/06\/GJK_9183.jpg 1919w\" sizes=\"auto, (max-width: 1280px) 100vw, 1280px\" \/>P\u00ebr t\u2019u afruar edhe m\u00eb shum\u00eb me komunitetin ton\u00eb dhe p\u00ebr t\u00eb ndar\u00eb historin\u00eb, sukseset dhe vizionin p\u00ebr t\u00eb ardhmen, kemi krijuar platforma zyrtare q\u00eb sh\u00ebrbejn\u00eb si nj\u00eb dritare p\u00ebr t\u00eb gjith\u00eb ata q\u00eb ndjekin dhe mb\u00ebshtesin Akademin\u00eb Partizani. N\u00ebp\u00ebrmjet k\u00ebtyre kanaleve, ju mund t\u00eb ndiqni lajmet m\u00eb t\u00eb fundit, aktivitetet, dhe t\u00eb njiheni me t\u00eb gjith\u00eb pun\u00ebn q\u00eb zhvillohet n\u00eb akademi p\u00ebr nd\u00ebrtimin e talenteve t\u00eb reja.<\/div>\n<div dir=\"auto\"><\/div>\n<div dir=\"auto\"><img loading=\"lazy\" decoding=\"async\" class=\"aligncenter wp-image-51268 size-vp_lg\" src=\"https:\/\/partizani.al\/sq\/wp-content\/uploads\/2023\/12\/U17-FOTO-1280x853.jpg\" alt=\"\" width=\"1280\" height=\"853\" srcset=\"https:\/\/partizani.al\/sq\/wp-content\/uploads\/2023\/12\/U17-FOTO-1280x853.jpg 1280w, https:\/\/partizani.al\/sq\/wp-content\/uploads\/2023\/12\/U17-FOTO-300x200.jpg 300w, https:\/\/partizani.al\/sq\/wp-content\/uploads\/2023\/12\/U17-FOTO-1024x682.jpg 1024w, https:\/\/partizani.al\/sq\/wp-content\/uploads\/2023\/12\/U17-FOTO-768x512.jpg 768w, https:\/\/partizani.al\/sq\/wp-content\/uploads\/2023\/12\/U17-FOTO-1536x1023.jpg 1536w, https:\/\/partizani.al\/sq\/wp-content\/uploads\/2023\/12\/U17-FOTO-128x85.jpg 128w, https:\/\/partizani.al\/sq\/wp-content\/uploads\/2023\/12\/U17-FOTO-32x21.jpg 32w, https:\/\/partizani.al\/sq\/wp-content\/uploads\/2023\/12\/U17-FOTO-500x333.jpg 500w, https:\/\/partizani.al\/sq\/wp-content\/uploads\/2023\/12\/U17-FOTO-800x533.jpg 800w, https:\/\/partizani.al\/sq\/wp-content\/uploads\/2023\/12\/U17-FOTO-901x600.jpg 901w, https:\/\/partizani.al\/sq\/wp-content\/uploads\/2023\/12\/U17-FOTO-1140x760.jpg 1140w, https:\/\/partizani.al\/sq\/wp-content\/uploads\/2023\/12\/U17-FOTO-200x133.jpg 200w, https:\/\/partizani.al\/sq\/wp-content\/uploads\/2023\/12\/U17-FOTO-450x300.jpg 450w, https:\/\/partizani.al\/sq\/wp-content\/uploads\/2023\/12\/U17-FOTO.jpg 1600w\" sizes=\"auto, (max-width: 1280px) 100vw, 1280px\" \/><img loading=\"lazy\" decoding=\"async\" class=\"aligncenter wp-image-59225 size-vp_lg\" src=\"https:\/\/partizani.al\/sq\/wp-content\/uploads\/2024\/12\/WhatsApp-Image-2024-12-15-at-15.10.07-1-1280x890.jpeg\" alt=\"\" width=\"1280\" height=\"890\" srcset=\"https:\/\/partizani.al\/sq\/wp-content\/uploads\/2024\/12\/WhatsApp-Image-2024-12-15-at-15.10.07-1-1280x890.jpeg 1280w, https:\/\/partizani.al\/sq\/wp-content\/uploads\/2024\/12\/WhatsApp-Image-2024-12-15-at-15.10.07-1-300x209.jpeg 300w, https:\/\/partizani.al\/sq\/wp-content\/uploads\/2024\/12\/WhatsApp-Image-2024-12-15-at-15.10.07-1-1024x712.jpeg 1024w, https:\/\/partizani.al\/sq\/wp-content\/uploads\/2024\/12\/WhatsApp-Image-2024-12-15-at-15.10.07-1-768x534.jpeg 768w, https:\/\/partizani.al\/sq\/wp-content\/uploads\/2024\/12\/WhatsApp-Image-2024-12-15-at-15.10.07-1-1536x1068.jpeg 1536w, https:\/\/partizani.al\/sq\/wp-content\/uploads\/2024\/12\/WhatsApp-Image-2024-12-15-at-15.10.07-1-2048x1424.jpeg 2048w, https:\/\/partizani.al\/sq\/wp-content\/uploads\/2024\/12\/WhatsApp-Image-2024-12-15-at-15.10.07-1-128x89.jpeg 128w, https:\/\/partizani.al\/sq\/wp-content\/uploads\/2024\/12\/WhatsApp-Image-2024-12-15-at-15.10.07-1-32x22.jpeg 32w, https:\/\/partizani.al\/sq\/wp-content\/uploads\/2024\/12\/WhatsApp-Image-2024-12-15-at-15.10.07-1-500x348.jpeg 500w, https:\/\/partizani.al\/sq\/wp-content\/uploads\/2024\/12\/WhatsApp-Image-2024-12-15-at-15.10.07-1-800x556.jpeg 800w, https:\/\/partizani.al\/sq\/wp-content\/uploads\/2024\/12\/WhatsApp-Image-2024-12-15-at-15.10.07-1-1920x1335.jpeg 1920w, https:\/\/partizani.al\/sq\/wp-content\/uploads\/2024\/12\/WhatsApp-Image-2024-12-15-at-15.10.07-1-863x600.jpeg 863w, https:\/\/partizani.al\/sq\/wp-content\/uploads\/2024\/12\/WhatsApp-Image-2024-12-15-at-15.10.07-1-1140x793.jpeg 1140w, https:\/\/partizani.al\/sq\/wp-content\/uploads\/2024\/12\/WhatsApp-Image-2024-12-15-at-15.10.07-1-200x139.jpeg 200w, https:\/\/partizani.al\/sq\/wp-content\/uploads\/2024\/12\/WhatsApp-Image-2024-12-15-at-15.10.07-1-450x313.jpeg 450w\" sizes=\"auto, (max-width: 1280px) 100vw, 1280px\" \/><\/div>\n<div dir=\"auto\"><\/div>\n<div dir=\"auto\"><\/div>\n<div dir=\"auto\">D\u00ebshirojm\u00eb t\u2019i urojm\u00eb suksese t\u00eb m\u00ebtejshme t\u00eb gjith\u00eb drejtuesve, trajner\u00ebve dhe lojtar\u00ebve t\u00eb Akademis\u00eb Partizani, t\u00eb cil\u00ebt me pasion dhe p\u00ebrkushtim vazhdojn\u00eb t\u00eb nd\u00ebrtojn\u00eb t\u00eb ardhmen e futbollit shqiptar.<\/div>\n<div dir=\"auto\"><\/div>\n<div dir=\"auto\">\u00a0<img loading=\"lazy\" decoding=\"async\" class=\"aligncenter wp-image-49823 size-vp_lg\" src=\"https:\/\/partizani.al\/sq\/wp-content\/uploads\/2023\/11\/GJK_6855-1280x853.jpg\" alt=\"\" width=\"1280\" height=\"853\" srcset=\"https:\/\/partizani.al\/sq\/wp-content\/uploads\/2023\/11\/GJK_6855-1280x853.jpg 1280w, https:\/\/partizani.al\/sq\/wp-content\/uploads\/2023\/11\/GJK_6855-300x200.jpg 300w, https:\/\/partizani.al\/sq\/wp-content\/uploads\/2023\/11\/GJK_6855-1024x683.jpg 1024w, https:\/\/partizani.al\/sq\/wp-content\/uploads\/2023\/11\/GJK_6855-768x512.jpg 768w, https:\/\/partizani.al\/sq\/wp-content\/uploads\/2023\/11\/GJK_6855-1536x1024.jpg 1536w, https:\/\/partizani.al\/sq\/wp-content\/uploads\/2023\/11\/GJK_6855-128x85.jpg 128w, https:\/\/partizani.al\/sq\/wp-content\/uploads\/2023\/11\/GJK_6855-32x21.jpg 32w, https:\/\/partizani.al\/sq\/wp-content\/uploads\/2023\/11\/GJK_6855-500x333.jpg 500w, https:\/\/partizani.al\/sq\/wp-content\/uploads\/2023\/11\/GJK_6855-800x533.jpg 800w, https:\/\/partizani.al\/sq\/wp-content\/uploads\/2023\/11\/GJK_6855-900x600.jpg 900w, https:\/\/partizani.al\/sq\/wp-content\/uploads\/2023\/11\/GJK_6855-1140x760.jpg 1140w, https:\/\/partizani.al\/sq\/wp-content\/uploads\/2023\/11\/GJK_6855-200x133.jpg 200w, https:\/\/partizani.al\/sq\/wp-content\/uploads\/2023\/11\/GJK_6855-450x300.jpg 450w, https:\/\/partizani.al\/sq\/wp-content\/uploads\/2023\/11\/GJK_6855.jpg 1920w\" sizes=\"auto, (max-width: 1280px) 100vw, 1280px\" \/><\/div>\n<div dir=\"auto\"><\/div>\n<div dir=\"auto\"><img loading=\"lazy\" decoding=\"async\" class=\"aligncenter wp-image-58797 size-vp_lg\" src=\"https:\/\/partizani.al\/sq\/wp-content\/uploads\/2024\/12\/GJK_7950-1280x853.jpg\" alt=\"\" width=\"1280\" height=\"853\" srcset=\"https:\/\/partizani.al\/sq\/wp-content\/uploads\/2024\/12\/GJK_7950-1280x853.jpg 1280w, https:\/\/partizani.al\/sq\/wp-content\/uploads\/2024\/12\/GJK_7950-300x200.jpg 300w, https:\/\/partizani.al\/sq\/wp-content\/uploads\/2024\/12\/GJK_7950-1024x683.jpg 1024w, https:\/\/partizani.al\/sq\/wp-content\/uploads\/2024\/12\/GJK_7950-768x512.jpg 768w, https:\/\/partizani.al\/sq\/wp-content\/uploads\/2024\/12\/GJK_7950-1536x1024.jpg 1536w, https:\/\/partizani.al\/sq\/wp-content\/uploads\/2024\/12\/GJK_7950-128x85.jpg 128w, https:\/\/partizani.al\/sq\/wp-content\/uploads\/2024\/12\/GJK_7950-32x21.jpg 32w, https:\/\/partizani.al\/sq\/wp-content\/uploads\/2024\/12\/GJK_7950-500x333.jpg 500w, https:\/\/partizani.al\/sq\/wp-content\/uploads\/2024\/12\/GJK_7950-800x533.jpg 800w, https:\/\/partizani.al\/sq\/wp-content\/uploads\/2024\/12\/GJK_7950-900x600.jpg 900w, https:\/\/partizani.al\/sq\/wp-content\/uploads\/2024\/12\/GJK_7950-1140x760.jpg 1140w, https:\/\/partizani.al\/sq\/wp-content\/uploads\/2024\/12\/GJK_7950-200x133.jpg 200w, https:\/\/partizani.al\/sq\/wp-content\/uploads\/2024\/12\/GJK_7950-450x300.jpg 450w, https:\/\/partizani.al\/sq\/wp-content\/uploads\/2024\/12\/GJK_7950.jpg 1920w\" sizes=\"auto, (max-width: 1280px) 100vw, 1280px\" \/><\/div>\n<div dir=\"auto\"><\/div>\n<div dir=\"auto\"><\/div>\n<div dir=\"auto\"><strong>\u00a0 \u00a0 \u00a0 \u00a0 \u00a0 Akademia Partizani \u2013 Bashk\u00eb nd\u00ebrtojm\u00eb t\u00eb ardhmen<\/strong><\/div>\n<div dir=\"auto\"><\/div>\n<div dir=\"auto\"><\/div>\n<div dir=\"auto\"><\/div>\n","protected":false},"excerpt":{"rendered":"<p>Akademia Partizani \u2013 Fabrika e Talenteve t\u00eb Futbollit Shqiptar dhe Nd\u00ebrkomb\u00ebtar\u00a0 &nbsp; Prej shum\u00eb vitesh, Akademia Partizani ka qen\u00eb nj\u00eb nd\u00ebr shtyllat kryesore t\u00eb zhvillimit t\u00eb futbollit n\u00eb Shqip\u00ebri, duke&#8230;<\/p>\n","protected":false},"author":2,"featured_media":0,"parent":0,"menu_order":0,"comment_status":"closed","ping_status":"closed","template":"","meta":{"_seopress_robots_primary_cat":"","_seopress_titles_title":"","_seopress_titles_desc":"AKADEMIA PARTIZANI , FUTBOLL KLUB PARTIZANI , TIRANE , SHQIPERI , FSHF , MOSHAT , TALENTET , KAMPIONET , HISTORIA , TROFE , FITORE","_seopress_robots_index":"","_vp_format_video_url":"","_vp_image_focal_point":[],"footnotes":""},"class_list":["post-59406","page","type-page","status-publish","hentry"],"_links":{"self":[{"href":"https:\/\/partizani.al\/sq\/wp-json\/wp\/v2\/pages\/59406","targetHints":{"allow":["GET"]}}],"collection":[{"href":"https:\/\/partizani.al\/sq\/wp-json\/wp\/v2\/pages"}],"about":[{"href":"https:\/\/partizani.al\/sq\/wp-json\/wp\/v2\/types\/page"}],"author":[{"embeddable":true,"href":"https:\/\/partizani.al\/sq\/wp-json\/wp\/v2\/users\/2"}],"replies":[{"embeddable":true,"href":"https:\/\/partizani.al\/sq\/wp-json\/wp\/v2\/comments?post=59406"}],"version-history":[{"count":1,"href":"https:\/\/partizani.al\/sq\/wp-json\/wp\/v2\/pages\/59406\/revisions"}],"predecessor-version":[{"id":59409,"href":"https:\/\/partizani.al\/sq\/wp-json\/wp\/v2\/pages\/59406\/revisions\/59409"}],"wp:attachment":[{"href":"https:\/\/partizani.al\/sq\/wp-json\/wp\/v2\/media?parent=59406"}],"curies":[{"name":"wp","href":"https:\/\/api.w.org\/{rel}","templated":true}]}}